{"id":545,"date":"2023-06-30T02:36:56","date_gmt":"2023-06-30T02:36:56","guid":{"rendered":"https:\/\/luatsuhn.com\/?page_id=545"},"modified":"2025-05-28T07:42:20","modified_gmt":"2025-05-28T07:42:20","slug":"gioi-thieu-luat-su-ha-noi","status":"publish","type":"page","link":"https:\/\/luatsuhn.com\/index.php\/gioi-thieu-luat-su-ha-noi\/","title":{"rendered":"Gi\u1edbi thi\u1ec7u"},"content":{"rendered":"\t\t<div data-elementor-type=\"wp-page\" data-elementor-id=\"545\" class=\"elementor elementor-545\">\n\t\t\t\t\t\t<section class=\"elementor-section elementor-top-section elementor-element elementor-element-9e4a067 elementor-section-boxed elementor-section-height-default elementor-section-height-default wpr-particle-no wpr-jarallax-no wpr-parallax-no wpr-sticky-section-no wpr-equal-height-no\" data-id=\"9e4a067\" data-element_type=\"section\" data-e-type=\"section\">\n\t\t\t\t\t\t<div class=\"elementor-container elementor-column-gap-default\">\n\t\t\t\t\t<div class=\"elementor-column elementor-col-100 elementor-top-column elementor-element elementor-element-0a673e0\" data-id=\"0a673e0\" data-element_type=\"column\" data-e-type=\"column\">\n\t\t\t<div class=\"elementor-widget-wrap elementor-element-populated\">\n\t\t\t\t\t\t<div class=\"elementor-element elementor-element-5821727 elementor-widget-mobile__width-inherit elementor-position-top elementor-widget elementor-widget-image-box\" data-id=\"5821727\" data-element_type=\"widget\" data-e-type=\"widget\" data-widget_type=\"image-box.default\">\n\t\t\t\t<div class=\"elementor-widget-container\">\n\t\t\t\t\t<div class=\"elementor-image-box-wrapper\"><figure class=\"elementor-image-box-img\"><img fetchpriority=\"high\" decoding=\"async\" width=\"1200\" height=\"628\" src=\"https:\/\/luatsuhn.com\/wp-content\/uploads\/2025\/05\/luat-su-tu-van-tranh-tung.png\" class=\"attachment-1536x1536 size-1536x1536 wp-image-2610\" alt=\"\" srcset=\"https:\/\/luatsuhn.com\/wp-content\/uploads\/2025\/05\/luat-su-tu-van-tranh-tung.png 1200w, https:\/\/luatsuhn.com\/wp-content\/uploads\/2025\/05\/luat-su-tu-van-tranh-tung-300x157.png 300w, https:\/\/luatsuhn.com\/wp-content\/uploads\/2025\/05\/luat-su-tu-van-tranh-tung-1024x536.png 1024w, https:\/\/luatsuhn.com\/wp-content\/uploads\/2025\/05\/luat-su-tu-van-tranh-tung-768x402.png 768w\" sizes=\"(max-width: 1200px) 100vw, 1200px\" \/><\/figure><div class=\"elementor-image-box-content\"><h3 class=\"elementor-image-box-title\">Gi\u1edbi thi\u1ec7u<\/h3><p class=\"elementor-image-box-description\">C\u00f4ng ty Lu\u1eadt TNHH Chi\u1ebfn Minh \u2013 \u0110o\u00e0n lu\u1eadt s\u01b0 H\u00e0 N\u1ed9i \u0111\u01b0\u1ee3c th\u00e0nh l\u1eadp b\u1edfi c\u00e1c Lu\u1eadt s\u01b0 gi\u1ecfi chuy\u00ean m\u00f4n, gi\u00e0u kinh nghi\u1ec7m, c\u00f3 uy t\u00edn. Mong mu\u1ed1n \u0111\u01b0a d\u1ecbch v\u1ee5 ph\u00e1p l\u00fd \u0111\u1ebfn g\u1ea7n h\u01a1n n\u1eefa v\u1edbi ng\u01b0\u1eddi d\u00e2n, \u0111\u1eb7c bi\u1ec7t l\u00e0 ng\u01b0\u1eddi y\u1ebfu th\u1ebf trong x\u00e3 h\u1ed9i.\n <br> <br>Lu\u1eadt s\u01b0 lu\u00f4n s\u1eb5n s\u00e0ng \u0111\u1ed3ng h\u00e0nh c\u00f9ng c\u00e1c doanh nghi\u1ec7p trong v\u00e0 ngo\u00e0i n\u01b0\u1edbc. Trong b\u1ed1i c\u1ea3nh h\u1ed9i nh\u1eadp ng\u00e0y c\u00e0ng s\u00e2u r\u1ed9ng c\u1ee7a n\u1ec1n kinh t\u1ebf th\u1ecb tr\u01b0\u1eddng, ch\u00fang t\u00f4i \u0111\u00e3, \u0111ang v\u00e0 s\u1ebd l\u00e0 nh\u00e0 cung c\u1ea5p ph\u00e1p l\u00fd chuy\u00ean nghi\u1ec7p cho r\u1ea5t nhi\u1ec1u c\u00e1 nh\u00e2n, t\u1ed5 ch\u1ee9c thu\u1ed9c m\u1ecdi th\u00e0nh ph\u1ea7n kinh t\u1ebf x\u00e3 h\u1ed9i. Tr\u1ea3i qua th\u1eddi gian h\u00e0nh ngh\u1ec1, c\u00e1c lu\u1eadt s\u01b0 C\u00f4ng ty Lu\u1eadt The Light \u0111ang l\u00e0 \u0111\u1ed1i t\u00e1c tin c\u1eady nh\u1ea5t cho h\u00e0ng ngh\u00ecn c\u00e1 nh\u00e2n, t\u1ed5 ch\u1ee9c, doanh nghi\u1ec7p trong v\u00e0 ngo\u00e0i n\u01b0\u1edbc.\n<br>Th\u00f4ng qua trang Website n\u00e0y ch\u00fang t\u00f4i h\u1eadn h\u1ea1nh \u0111\u01b0\u1ee3c cung c\u1ea5p d\u1ecbch v\u1ee5 ph\u00e1p l\u00fd v\u00e0 l\u00e0 ng\u01b0\u1eddi b\u1ea1n \u0111\u1ed3ng h\u00e0nh c\u00f9ng c\u00e1c b\u1ea1n. Ch\u00fang t\u00f4i mong \u0111\u01b0\u1ee3c \u0111\u00f3ng g\u00f3p tr\u00ean b\u01b0\u1edbc \u0111\u01b0\u1eddng th\u00e0nh c\u00f4ng c\u1ee7a c\u00e1c b\u1ea1n.<\/p><\/div><\/div>\t\t\t\t<\/div>\n\t\t\t\t<\/div>\n\t\t\t\t\t<\/div>\n\t\t<\/div>\n\t\t\t\t\t<\/div>\n\t\t<\/section>\n\t\t\t\t<\/div>\n\t\t","protected":false},"excerpt":{"rendered":"<p>Gi\u1edbi thi\u1ec7u C\u00f4ng ty Lu\u1eadt TNHH Chi\u1ebfn Minh \u2013 \u0110o\u00e0n lu\u1eadt s\u01b0 H\u00e0 N\u1ed9i \u0111\u01b0\u1ee3c th\u00e0nh l\u1eadp b\u1edfi c\u00e1c Lu\u1eadt s\u01b0 gi\u1ecfi chuy\u00ean m\u00f4n, gi\u00e0u kinh nghi\u1ec7m, c\u00f3 uy t\u00edn. Mong mu\u1ed1n \u0111\u01b0a d\u1ecbch v\u1ee5 ph\u00e1p l\u00fd \u0111\u1ebfn g\u1ea7n h\u01a1n n\u1eefa v\u1edbi ng\u01b0\u1eddi d\u00e2n, \u0111\u1eb7c bi\u1ec7t l\u00e0 ng\u01b0\u1eddi y\u1ebfu th\u1ebf trong x\u00e3 h\u1ed9i. Lu\u1eadt s\u01b0 lu\u00f4n s\u1eb5n s\u00e0ng \u0111\u1ed3ng h\u00e0nh c\u00f9ng c\u00e1c doanh nghi\u1ec7p trong v\u00e0 ngo\u00e0i n\u01b0\u1edbc. Trong b\u1ed1i c\u1ea3nh h\u1ed9i nh\u1eadp ng\u00e0y c\u00e0ng s\u00e2u r\u1ed9ng c\u1ee7a n\u1ec1n kinh t\u1ebf th\u1ecb tr\u01b0\u1eddng, ch\u00fang t\u00f4i \u0111\u00e3, \u0111ang v\u00e0 s\u1ebd l\u00e0 nh\u00e0 cung c\u1ea5p ph\u00e1p l\u00fd chuy\u00ean nghi\u1ec7p cho r\u1ea5t nhi\u1ec1u c\u00e1 nh\u00e2n, t\u1ed5 ch\u1ee9c thu\u1ed9c m\u1ecdi th\u00e0nh ph\u1ea7n kinh t\u1ebf x\u00e3 h\u1ed9i. Tr\u1ea3i qua th\u1eddi gian h\u00e0nh ngh\u1ec1, c\u00e1c lu\u1eadt s\u01b0 C\u00f4ng ty Lu\u1eadt The Light \u0111ang l\u00e0 \u0111\u1ed1i t\u00e1c tin c\u1eady nh\u1ea5t cho h\u00e0ng ngh\u00ecn c\u00e1 nh\u00e2n, t\u1ed5 ch\u1ee9c, doanh nghi\u1ec7p trong v\u00e0 ngo\u00e0i n\u01b0\u1edbc. Th\u00f4ng qua trang Website n\u00e0y ch\u00fang t\u00f4i h\u1eadn h\u1ea1nh \u0111\u01b0\u1ee3c cung c\u1ea5p d\u1ecbch v\u1ee5 ph\u00e1p l\u00fd v\u00e0 l\u00e0 ng\u01b0\u1eddi b\u1ea1n \u0111\u1ed3ng h\u00e0nh c\u00f9ng c\u00e1c b\u1ea1n. Ch\u00fang t\u00f4i mong \u0111\u01b0\u1ee3c \u0111\u00f3ng g\u00f3p tr\u00ean b\u01b0\u1edbc \u0111\u01b0\u1eddng th\u00e0nh c\u00f4ng c\u1ee7a c\u00e1c b\u1ea1n.<\/p>\n","protected":false},"author":1,"featured_media":0,"parent":0,"menu_order":0,"comment_status":"closed","ping_status":"closed","template":"elementor_header_footer","meta":{"footnotes":""},"class_list":["post-545","page","type-page","status-publish","hentry"],"blocksy_meta":[],"yoast_head":"<!-- This site is optimized with the Yoast SEO plugin v26.8 - https:\/\/yoast.com\/product\/yoast-seo-wordpress\/ -->\n<title>Gi\u1edbi thi\u1ec7u - Lu\u1eadt s\u01b0 t\u1ea1i th\u00e0nh ph\u1ed1 H\u00e0 N\u1ed9i<\/title>\n<meta name=\"description\" content=\"C\u00f4ng ty Lu\u1eadt H\u1ee3p danh The Light - Lu\u1eadt s\u01b0 H\u00e0 N\u1ed9i \u0111\u01b0\u1ee3c th\u00e0nh l\u1eadp b\u1edfi c\u00e1c Lu\u1eadt s\u01b0 gi\u1ecfi chuy\u00ean m\u00f4n, gi\u00e0u kinh nghi\u1ec7m, c\u00f3 uy t\u00edn. Mong mu\u1ed1n \u0111\u01b0a\" \/>\n<meta name=\"robots\" content=\"index, follow, max-snippet:-1, max-image-preview:large, max-video-preview:-1\" \/>\n<link rel=\"canonical\" href=\"https:\/\/luatsuhn.com\/index.php\/gioi-thieu-luat-su-ha-noi\/\" \/>\n<meta property=\"og:locale\" content=\"vi_VN\" \/>\n<meta property=\"og:type\" content=\"article\" \/>\n<meta property=\"og:title\" content=\"Gi\u1edbi thi\u1ec7u - Lu\u1eadt s\u01b0 t\u1ea1i th\u00e0nh ph\u1ed1 H\u00e0 N\u1ed9i\" \/>\n<meta property=\"og:description\" content=\"C\u00f4ng ty Lu\u1eadt H\u1ee3p danh The Light - Lu\u1eadt s\u01b0 H\u00e0 N\u1ed9i \u0111\u01b0\u1ee3c th\u00e0nh l\u1eadp b\u1edfi c\u00e1c Lu\u1eadt s\u01b0 gi\u1ecfi chuy\u00ean m\u00f4n, gi\u00e0u kinh nghi\u1ec7m, c\u00f3 uy t\u00edn. Mong mu\u1ed1n \u0111\u01b0a\" \/>\n<meta property=\"og:url\" content=\"https:\/\/luatsuhn.com\/index.php\/gioi-thieu-luat-su-ha-noi\/\" \/>\n<meta property=\"og:site_name\" content=\"Lu\u1eadt s\u01b0 H\u00e0 N\u1ed9i\" \/>\n<meta property=\"article:modified_time\" content=\"2025-05-28T07:42:20+00:00\" \/>\n<meta property=\"og:image\" content=\"https:\/\/luatsuhn.com\/wp-content\/uploads\/2025\/05\/luat-su-tu-van-tranh-tung.png\" \/>\n\t<meta property=\"og:image:width\" content=\"1200\" \/>\n\t<meta property=\"og:image:height\" content=\"628\" \/>\n\t<meta property=\"og:image:type\" content=\"image\/png\" \/>\n<meta name=\"twitter:card\" content=\"summary_large_image\" \/>\n<meta name=\"twitter:label1\" content=\"\u01af\u1edbc t\u00ednh th\u1eddi gian \u0111\u1ecdc\" \/>\n\t<meta name=\"twitter:data1\" content=\"2 ph\u00fat\" \/>\n<script type=\"application\/ld+json\" class=\"yoast-schema-graph\">{\"@context\":\"https:\/\/schema.org\",\"@graph\":[{\"@type\":\"WebPage\",\"@id\":\"https:\/\/luatsuhn.com\/index.php\/gioi-thieu-luat-su-ha-noi\/\",\"url\":\"https:\/\/luatsuhn.com\/index.php\/gioi-thieu-luat-su-ha-noi\/\",\"name\":\"Gi\u1edbi thi\u1ec7u - Lu\u1eadt s\u01b0 t\u1ea1i th\u00e0nh ph\u1ed1 H\u00e0 N\u1ed9i\",\"isPartOf\":{\"@id\":\"https:\/\/luatsuhn.com\/#website\"},\"primaryImageOfPage\":{\"@id\":\"https:\/\/luatsuhn.com\/index.php\/gioi-thieu-luat-su-ha-noi\/#primaryimage\"},\"image\":{\"@id\":\"https:\/\/luatsuhn.com\/index.php\/gioi-thieu-luat-su-ha-noi\/#primaryimage\"},\"thumbnailUrl\":\"http:\/\/luatsuhn.com\/wp-content\/uploads\/2025\/05\/luat-su-tu-van-tranh-tung.png\",\"datePublished\":\"2023-06-30T02:36:56+00:00\",\"dateModified\":\"2025-05-28T07:42:20+00:00\",\"description\":\"C\u00f4ng ty Lu\u1eadt H\u1ee3p danh The Light - Lu\u1eadt s\u01b0 H\u00e0 N\u1ed9i \u0111\u01b0\u1ee3c th\u00e0nh l\u1eadp b\u1edfi c\u00e1c Lu\u1eadt s\u01b0 gi\u1ecfi chuy\u00ean m\u00f4n, gi\u00e0u kinh nghi\u1ec7m, c\u00f3 uy t\u00edn. Mong mu\u1ed1n \u0111\u01b0a\",\"breadcrumb\":{\"@id\":\"https:\/\/luatsuhn.com\/index.php\/gioi-thieu-luat-su-ha-noi\/#breadcrumb\"},\"inLanguage\":\"vi\",\"potentialAction\":[{\"@type\":\"ReadAction\",\"target\":[\"https:\/\/luatsuhn.com\/index.php\/gioi-thieu-luat-su-ha-noi\/\"]}]},{\"@type\":\"ImageObject\",\"inLanguage\":\"vi\",\"@id\":\"https:\/\/luatsuhn.com\/index.php\/gioi-thieu-luat-su-ha-noi\/#primaryimage\",\"url\":\"https:\/\/luatsuhn.com\/wp-content\/uploads\/2025\/05\/luat-su-tu-van-tranh-tung.png\",\"contentUrl\":\"https:\/\/luatsuhn.com\/wp-content\/uploads\/2025\/05\/luat-su-tu-van-tranh-tung.png\",\"width\":1200,\"height\":628},{\"@type\":\"BreadcrumbList\",\"@id\":\"https:\/\/luatsuhn.com\/index.php\/gioi-thieu-luat-su-ha-noi\/#breadcrumb\",\"itemListElement\":[{\"@type\":\"ListItem\",\"position\":1,\"name\":\"Trang ch\u1ee7\",\"item\":\"https:\/\/luatsuhn.com\/\"},{\"@type\":\"ListItem\",\"position\":2,\"name\":\"Gi\u1edbi thi\u1ec7u\"}]},{\"@type\":\"WebSite\",\"@id\":\"https:\/\/luatsuhn.com\/#website\",\"url\":\"https:\/\/luatsuhn.com\/\",\"name\":\"Lu\u1eadt s\u01b0 H\u00e0 N\u1ed9i\",\"description\":\"Lu\u1eadt s\u01b0 C\u00f4ng ty Lu\u1eadt h\u1ee3p danh The Light\",\"publisher\":{\"@id\":\"https:\/\/luatsuhn.com\/#organization\"},\"potentialAction\":[{\"@type\":\"SearchAction\",\"target\":{\"@type\":\"EntryPoint\",\"urlTemplate\":\"https:\/\/luatsuhn.com\/?s={search_term_string}\"},\"query-input\":{\"@type\":\"PropertyValueSpecification\",\"valueRequired\":true,\"valueName\":\"search_term_string\"}}],\"inLanguage\":\"vi\"},{\"@type\":\"Organization\",\"@id\":\"https:\/\/luatsuhn.com\/#organization\",\"name\":\"Lu\u1eadt s\u01b0 H\u00e0 N\u1ed9i\",\"url\":\"https:\/\/luatsuhn.com\/\",\"logo\":{\"@type\":\"ImageObject\",\"inLanguage\":\"vi\",\"@id\":\"https:\/\/luatsuhn.com\/#\/schema\/logo\/image\/\",\"url\":\"https:\/\/luatsuhn.com\/wp-content\/uploads\/2021\/06\/logo_light.svg\",\"contentUrl\":\"https:\/\/luatsuhn.com\/wp-content\/uploads\/2021\/06\/logo_light.svg\",\"width\":127,\"height\":22,\"caption\":\"Lu\u1eadt s\u01b0 H\u00e0 N\u1ed9i\"},\"image\":{\"@id\":\"https:\/\/luatsuhn.com\/#\/schema\/logo\/image\/\"}}]}<\/script>\n<!-- \/ Yoast SEO plugin. -->","yoast_head_json":{"title":"Gi\u1edbi thi\u1ec7u - Lu\u1eadt s\u01b0 t\u1ea1i th\u00e0nh ph\u1ed1 H\u00e0 N\u1ed9i","description":"C\u00f4ng ty Lu\u1eadt H\u1ee3p danh The Light - Lu\u1eadt s\u01b0 H\u00e0 N\u1ed9i \u0111\u01b0\u1ee3c th\u00e0nh l\u1eadp b\u1edfi c\u00e1c Lu\u1eadt s\u01b0 gi\u1ecfi chuy\u00ean m\u00f4n, gi\u00e0u kinh nghi\u1ec7m, c\u00f3 uy t\u00edn. Mong mu\u1ed1n \u0111\u01b0a","robots":{"index":"index","follow":"follow","max-snippet":"max-snippet:-1","max-image-preview":"max-image-preview:large","max-video-preview":"max-video-preview:-1"},"canonical":"https:\/\/luatsuhn.com\/index.php\/gioi-thieu-luat-su-ha-noi\/","og_locale":"vi_VN","og_type":"article","og_title":"Gi\u1edbi thi\u1ec7u - Lu\u1eadt s\u01b0 t\u1ea1i th\u00e0nh ph\u1ed1 H\u00e0 N\u1ed9i","og_description":"C\u00f4ng ty Lu\u1eadt H\u1ee3p danh The Light - Lu\u1eadt s\u01b0 H\u00e0 N\u1ed9i \u0111\u01b0\u1ee3c th\u00e0nh l\u1eadp b\u1edfi c\u00e1c Lu\u1eadt s\u01b0 gi\u1ecfi chuy\u00ean m\u00f4n, gi\u00e0u kinh nghi\u1ec7m, c\u00f3 uy t\u00edn. Mong mu\u1ed1n \u0111\u01b0a","og_url":"https:\/\/luatsuhn.com\/index.php\/gioi-thieu-luat-su-ha-noi\/","og_site_name":"Lu\u1eadt s\u01b0 H\u00e0 N\u1ed9i","article_modified_time":"2025-05-28T07:42:20+00:00","og_image":[{"width":1200,"height":628,"url":"https:\/\/luatsuhn.com\/wp-content\/uploads\/2025\/05\/luat-su-tu-van-tranh-tung.png","type":"image\/png"}],"twitter_card":"summary_large_image","twitter_misc":{"\u01af\u1edbc t\u00ednh th\u1eddi gian \u0111\u1ecdc":"2 ph\u00fat"},"schema":{"@context":"https:\/\/schema.org","@graph":[{"@type":"WebPage","@id":"https:\/\/luatsuhn.com\/index.php\/gioi-thieu-luat-su-ha-noi\/","url":"https:\/\/luatsuhn.com\/index.php\/gioi-thieu-luat-su-ha-noi\/","name":"Gi\u1edbi thi\u1ec7u - Lu\u1eadt s\u01b0 t\u1ea1i th\u00e0nh ph\u1ed1 H\u00e0 N\u1ed9i","isPartOf":{"@id":"https:\/\/luatsuhn.com\/#website"},"primaryImageOfPage":{"@id":"https:\/\/luatsuhn.com\/index.php\/gioi-thieu-luat-su-ha-noi\/#primaryimage"},"image":{"@id":"https:\/\/luatsuhn.com\/index.php\/gioi-thieu-luat-su-ha-noi\/#primaryimage"},"thumbnailUrl":"http:\/\/luatsuhn.com\/wp-content\/uploads\/2025\/05\/luat-su-tu-van-tranh-tung.png","datePublished":"2023-06-30T02:36:56+00:00","dateModified":"2025-05-28T07:42:20+00:00","description":"C\u00f4ng ty Lu\u1eadt H\u1ee3p danh The Light - Lu\u1eadt s\u01b0 H\u00e0 N\u1ed9i \u0111\u01b0\u1ee3c th\u00e0nh l\u1eadp b\u1edfi c\u00e1c Lu\u1eadt s\u01b0 gi\u1ecfi chuy\u00ean m\u00f4n, gi\u00e0u kinh nghi\u1ec7m, c\u00f3 uy t\u00edn. Mong mu\u1ed1n \u0111\u01b0a","breadcrumb":{"@id":"https:\/\/luatsuhn.com\/index.php\/gioi-thieu-luat-su-ha-noi\/#breadcrumb"},"inLanguage":"vi","potentialAction":[{"@type":"ReadAction","target":["https:\/\/luatsuhn.com\/index.php\/gioi-thieu-luat-su-ha-noi\/"]}]},{"@type":"ImageObject","inLanguage":"vi","@id":"https:\/\/luatsuhn.com\/index.php\/gioi-thieu-luat-su-ha-noi\/#primaryimage","url":"https:\/\/luatsuhn.com\/wp-content\/uploads\/2025\/05\/luat-su-tu-van-tranh-tung.png","contentUrl":"https:\/\/luatsuhn.com\/wp-content\/uploads\/2025\/05\/luat-su-tu-van-tranh-tung.png","width":1200,"height":628},{"@type":"BreadcrumbList","@id":"https:\/\/luatsuhn.com\/index.php\/gioi-thieu-luat-su-ha-noi\/#breadcrumb","itemListElement":[{"@type":"ListItem","position":1,"name":"Trang ch\u1ee7","item":"https:\/\/luatsuhn.com\/"},{"@type":"ListItem","position":2,"name":"Gi\u1edbi thi\u1ec7u"}]},{"@type":"WebSite","@id":"https:\/\/luatsuhn.com\/#website","url":"https:\/\/luatsuhn.com\/","name":"Lu\u1eadt s\u01b0 H\u00e0 N\u1ed9i","description":"Lu\u1eadt s\u01b0 C\u00f4ng ty Lu\u1eadt h\u1ee3p danh The Light","publisher":{"@id":"https:\/\/luatsuhn.com\/#organization"},"potentialAction":[{"@type":"SearchAction","target":{"@type":"EntryPoint","urlTemplate":"https:\/\/luatsuhn.com\/?s={search_term_string}"},"query-input":{"@type":"PropertyValueSpecification","valueRequired":true,"valueName":"search_term_string"}}],"inLanguage":"vi"},{"@type":"Organization","@id":"https:\/\/luatsuhn.com\/#organization","name":"Lu\u1eadt s\u01b0 H\u00e0 N\u1ed9i","url":"https:\/\/luatsuhn.com\/","logo":{"@type":"ImageObject","inLanguage":"vi","@id":"https:\/\/luatsuhn.com\/#\/schema\/logo\/image\/","url":"https:\/\/luatsuhn.com\/wp-content\/uploads\/2021\/06\/logo_light.svg","contentUrl":"https:\/\/luatsuhn.com\/wp-content\/uploads\/2021\/06\/logo_light.svg","width":127,"height":22,"caption":"Lu\u1eadt s\u01b0 H\u00e0 N\u1ed9i"},"image":{"@id":"https:\/\/luatsuhn.com\/#\/schema\/logo\/image\/"}}]}},"jetpack_sharing_enabled":true,"_links":{"self":[{"href":"https:\/\/luatsuhn.com\/index.php\/wp-json\/wp\/v2\/pages\/545","targetHints":{"allow":["GET"]}}],"collection":[{"href":"https:\/\/luatsuhn.com\/index.php\/wp-json\/wp\/v2\/pages"}],"about":[{"href":"https:\/\/luatsuhn.com\/index.php\/wp-json\/wp\/v2\/types\/page"}],"author":[{"embeddable":true,"href":"https:\/\/luatsuhn.com\/index.php\/wp-json\/wp\/v2\/users\/1"}],"replies":[{"embeddable":true,"href":"https:\/\/luatsuhn.com\/index.php\/wp-json\/wp\/v2\/comments?post=545"}],"version-history":[{"count":41,"href":"https:\/\/luatsuhn.com\/index.php\/wp-json\/wp\/v2\/pages\/545\/revisions"}],"predecessor-version":[{"id":2626,"href":"https:\/\/luatsuhn.com\/index.php\/wp-json\/wp\/v2\/pages\/545\/revisions\/2626"}],"wp:attachment":[{"href":"https:\/\/luatsuhn.com\/index.php\/wp-json\/wp\/v2\/media?parent=545"}],"curies":[{"name":"wp","href":"https:\/\/api.w.org\/{rel}","templated":true}]}}